{"id":317,"date":"2019-09-23T08:20:48","date_gmt":"2019-09-23T08:20:48","guid":{"rendered":"https:\/\/kraft.caliberthemes.com\/minimal-main\/?page_id=317"},"modified":"2025-03-03T19:52:42","modified_gmt":"2025-03-03T19:52:42","slug":"about-extended","status":"publish","type":"page","link":"https:\/\/almstromdesign.se\/en\/","title":{"rendered":"Almstr\u00f6m Design"},"content":{"rendered":"<div class=\"wpb-content-wrapper\"><div class=\"row-container\" ><div class=\"vc_row wpb_row vc_row-fluid\"><div class=\"wpb_column vc_column_container vc_col-sm-6\"><div class=\"vc_column-inner\"><div class=\"wpb_wrapper\">\n\t<div  class=\"wpb_single_image wpb_content_element vc_align_right wpb_content_element\">\n\t\t\n\t\t<figure class=\"wpb_wrapper vc_figure\">\n\t\t\t<div class=\"vc_single_image-wrapper   vc_box_border_grey\"><img loading=\"lazy\" decoding=\"async\" width=\"1983\" height=\"1984\" src=\"https:\/\/almstromdesign.se\/wp-content\/uploads\/2025\/03\/IMG_0138-1x1_2.jpg\" class=\"vc_single_image-img attachment-full\" alt=\"\" title=\"beatrice-almstrom\" srcset=\"https:\/\/almstromdesign.se\/wp-content\/uploads\/2025\/03\/IMG_0138-1x1_2.jpg 1983w, https:\/\/almstromdesign.se\/wp-content\/uploads\/2025\/03\/IMG_0138-1x1_2-300x300.jpg 300w, https:\/\/almstromdesign.se\/wp-content\/uploads\/2025\/03\/IMG_0138-1x1_2-1024x1024.jpg 1024w, https:\/\/almstromdesign.se\/wp-content\/uploads\/2025\/03\/IMG_0138-1x1_2-150x150.jpg 150w, https:\/\/almstromdesign.se\/wp-content\/uploads\/2025\/03\/IMG_0138-1x1_2-768x768.jpg 768w, https:\/\/almstromdesign.se\/wp-content\/uploads\/2025\/03\/IMG_0138-1x1_2-1536x1536.jpg 1536w, https:\/\/almstromdesign.se\/wp-content\/uploads\/2025\/03\/IMG_0138-1x1_2-12x12.jpg 12w, https:\/\/almstromdesign.se\/wp-content\/uploads\/2025\/03\/IMG_0138-1x1_2-600x600.jpg 600w\" sizes=\"(max-width: 1983px) 100vw, 1983px\" \/><\/div>\n\t\t<\/figure>\n\t<\/div>\n<div class=\"vc_empty_space\"   style=\"height: 32px\"><span class=\"vc_empty_space_inner\"><\/span><\/div><\/div><\/div><\/div><div class=\"wpb_column vc_column_container vc_col-sm-6\"><div class=\"vc_column-inner\"><div class=\"wpb_wrapper\">\r\n\t<div class=\"heading-custom text-left heading-custom_1569851827842  heading-custom_1569851417188\">\r\n\t\t\r\n\t\t        <h2 class=\"font-size-custom wt-500 heading\"  style=\"color:#151515;\" >\r\n\t\t\t10 \u00e5rs erfarenhet inom grafisk formgivning\t\t\r\n\t\t<\/h2>\r\n\t\t\t\t\r\n\t\t\t\t\r\n\t\t\r\n    <\/div>\r\n\t<div class=\"wpb_text_column wpb_content_element  wpb_text_column_1580646705833  wpb_text_column_1580646702927   wt-400\"  >\r\n\t\t<div class=\"wpb_wrapper\">\r\n\t\t\t<p data-start=\"50\" data-end=\"425\">Med \u00f6ver 10 \u00e5rs erfarenhet inom grafisk formgivning s\u00e4kerst\u00e4ller jag kvalitet och efterstr\u00e4var ett slutresultat som vi b\u00e5da kan vara n\u00f6jda med. Jag arbetar med all typ av grafisk formgivning och har stor erfarenhet av rapportproduktion och finansiella rapporter. Med kunskap om lagen om tillg\u00e4nglighet till digital offentlig service hj\u00e4lper jag f\u00f6retag att uppfylla kraven.<\/p>\n<p data-start=\"50\" data-end=\"425\">Portfolio kan skickas p\u00e5 beg\u00e4ran, maila <a href=\"mailto:bea@almstromdesign.se\">bea@almstromdesign.se<\/a><\/p>\n\r\n\t\t<\/div>\r\n\t<\/div>\r\n<\/div><\/div><\/div><\/div><\/div><div class=\"row-container\" ><div class=\"vc_row wpb_row vc_row-fluid vc_custom_1569331393417 vc_column-gap-30\"><div class=\"wpb_column vc_column_container vc_col-sm-3 vc_col-has-fill\"><div class=\"vc_column-inner vc_custom_1739905959594\"><div class=\"wpb_wrapper\"><div class=\"vc_icon_element vc_icon_element-outer vc_custom_1741031330258 vc_do_icon vc_icon_element-align-center\"><div class=\"vc_icon_element-inner vc_icon_element-color-custom vc_icon_element-size-lg vc_icon_element-style- vc_icon_element-background-color-grey\" ><span class=\"vc_icon_element-icon fas fa-assistive-listening-systems\" style=\"color:#4D4D4D !important\"><\/span><\/div><\/div>\r\n\t<div class=\"heading-custom text-center heading-custom_1461059623\">\r\n\t\t\r\n\t\t        <h3 class=\"font-size-18 wt-500 heading\"  style=\"color:#151515;\" >\r\n\t\t\tTillg\u00e4nglighet\t\t\r\n\t\t<\/h3>\r\n\t\t\t\t\r\n\t\t\t\t\r\n\t\t\r\n    <\/div><\/div><\/div><\/div><div class=\"wpb_column vc_column_container vc_col-sm-3 vc_col-has-fill\"><div class=\"vc_column-inner vc_custom_1739904201202\"><div class=\"wpb_wrapper\"><div class=\"vc_icon_element vc_icon_element-outer vc_custom_1741031341539 vc_do_icon vc_icon_element-align-center\"><div class=\"vc_icon_element-inner vc_icon_element-color-custom vc_icon_element-size-lg vc_icon_element-style- vc_icon_element-background-color-grey\" ><span class=\"vc_icon_element-icon far fa-file-alt\" style=\"color:#4D4D4D !important\"><\/span><\/div><\/div>\r\n\t<div class=\"heading-custom text-center heading-custom_1182885724\">\r\n\t\t\r\n\t\t        <h3 class=\"font-size-18 wt-500 heading\"  style=\"color:#151515;\" >\r\n\t\t\tRapportproduktion\t\t\r\n\t\t<\/h3>\r\n\t\t\t\t\r\n\t\t\t\t\r\n\t\t\r\n    <\/div><\/div><\/div><\/div><div class=\"wpb_column vc_column_container vc_col-sm-3 vc_col-has-fill\"><div class=\"vc_column-inner vc_custom_1739905744174\"><div class=\"wpb_wrapper\"><div class=\"vc_icon_element vc_icon_element-outer vc_custom_1741031351649 vc_do_icon vc_icon_element-align-center\"><div class=\"vc_icon_element-inner vc_icon_element-color-custom vc_icon_element-size-lg vc_icon_element-style- vc_icon_element-background-color-grey\" ><span class=\"vc_icon_element-icon fas fa-shapes\" style=\"color:#4D4D4D !important\"><\/span><\/div><\/div>\r\n\t<div class=\"heading-custom text-center heading-custom_474313798\">\r\n\t\t\r\n\t\t        <h3 class=\"font-size-18 wt-500 heading\"  style=\"color:#151515;\" >\r\n\t\t\tGrafisk formgivning\t\t\r\n\t\t<\/h3>\r\n\t\t\t\t\r\n\t\t\t\t\r\n\t\t\r\n    <\/div><\/div><\/div><\/div><div class=\"wpb_column vc_column_container vc_col-sm-3 vc_col-has-fill\"><div class=\"vc_column-inner vc_custom_1739905770758\"><div class=\"wpb_wrapper\"><div class=\"vc_icon_element vc_icon_element-outer vc_custom_1741031552310 vc_do_icon vc_icon_element-align-center\"><div class=\"vc_icon_element-inner vc_icon_element-color-custom vc_icon_element-size-lg vc_icon_element-style- vc_icon_element-background-color-grey\" ><span class=\"vc_icon_element-icon fas fa-desktop\" style=\"color:#4D4D4D !important\"><\/span><\/div><\/div>\r\n\t<div class=\"heading-custom text-center heading-custom_352733348\">\r\n\t\t\r\n\t\t        <h3 class=\"font-size-18 wt-500 heading\"  style=\"color:#151515;\" >\r\n\t\t\tPowerPoint\t\t\r\n\t\t<\/h3>\r\n\t\t\t\t\r\n\t\t\t\t\r\n\t\t\r\n    <\/div><\/div><\/div><\/div><\/div><\/div><div class=\"row-container\" ><div class=\"vc_row wpb_row vc_row-fluid\"><div class=\"wpb_column vc_column_container vc_col-sm-12\"><div class=\"vc_column-inner\"><div class=\"wpb_wrapper\"><div class=\"vc_empty_space\"   style=\"height: 50px\"><span class=\"vc_empty_space_inner\"><\/span><\/div>\r\n\t<div class=\"heading-custom text-left heading-custom_1569851827842  heading-custom_1569851417188\">\r\n\t\t\r\n\t\t        <h2 class=\"font-size-custom wt-500 heading\"  style=\"color:#151515;\" >\r\n\t\t\tErfarenhet\t\t\r\n\t\t<\/h2>\r\n\t\t\t\t\r\n\t\t\t\t\r\n\t\t\r\n    <\/div><div class=\"vc_empty_space\"   style=\"height: 15px\"><span class=\"vc_empty_space_inner\"><\/span><\/div><\/div><\/div><\/div><\/div><\/div><div class=\"row-container\" ><div class=\"vc_row wpb_row vc_row-fluid\"><div class=\"wpb_column vc_column_container vc_col-sm-6\"><div class=\"vc_column-inner\"><div class=\"wpb_wrapper\">\r\n<div class=\"desc-list-container has-border\">\r\n\t\r\n\t\t\r\n\t\r\n\t\t<div class=\"desc-list\">\r\n\r\n\t\t\t\t\t\t<h6  style=\"font-size:14px;font-weight:500;color:#151515;\" >2019\u20132025, Advant<\/h6>\r\n\t\t\t\r\n\t\t\t\t\t\t<p  style=\"font-size:15px;line-height:20px;font-weight:400;color:#707070;\" >Grafisk formgivare, produktionsledare, tillg\u00e4nglighetsansvarig<\/p>\r\n\t\t\t\r\n\t\t<\/div>\r\n\r\n\t\t\r\n\t\r\n\t\t<div class=\"desc-list\">\r\n\r\n\t\t\t\t\t\t<h6  style=\"font-size:14px;font-weight:500;color:#151515;\" >2014\u20132019, Kostym<\/h6>\r\n\t\t\t\r\n\t\t\t\t\t\t<p  style=\"font-size:15px;line-height:20px;font-weight:400;color:#707070;\" >Grafisk formgivare<\/p>\r\n\t\t\t\r\n\t\t<\/div>\r\n\r\n\t\r\n<\/div><div class=\"vc_empty_space\"   style=\"height: 20px\"><span class=\"vc_empty_space_inner\"><\/span><\/div><\/div><\/div><\/div><div class=\"wpb_column vc_column_container vc_col-sm-6\"><div class=\"vc_column-inner\"><div class=\"wpb_wrapper\">\r\n<div class=\"desc-list-container has-border\">\r\n\t\r\n\t\t\r\n\t\r\n\t\t<div class=\"desc-list\">\r\n\r\n\t\t\t\t\t\t<h6  style=\"font-size:14px;font-weight:500;color:#151515;\" >2013\u20132014, Clara Reklambyr\u00e5<\/h6>\r\n\t\t\t\r\n\t\t\t\t\t\t<p  style=\"font-size:15px;line-height:20px;font-weight:400;color:#707070;\" >Originalare<\/p>\r\n\t\t\t\r\n\t\t<\/div>\r\n\r\n\t\t\r\n\t\r\n\t\t<div class=\"desc-list\">\r\n\r\n\t\t\t\t\t\t<h6  style=\"font-size:14px;font-weight:500;color:#151515;\" >2010\u20132013, Broby Grafiska Yrkesh\u00f6gskola<\/h6>\r\n\t\t\t\r\n\t\t\t\t\t\t<p  style=\"font-size:15px;line-height:20px;font-weight:400;color:#707070;\" >Grafisk medieproduktion<\/p>\r\n\t\t\t\r\n\t\t<\/div>\r\n\r\n\t\r\n<\/div><div class=\"vc_empty_space\"   style=\"height: 20px\"><span class=\"vc_empty_space_inner\"><\/span><\/div><\/div><\/div><\/div><\/div><\/div><div class=\"row-container\" ><div class=\"vc_row wpb_row vc_row-fluid\"><div class=\"wpb_column vc_column_container vc_col-sm-12\"><div class=\"vc_column-inner\"><div class=\"wpb_wrapper\"><div class=\"vc_empty_space\"   style=\"height: 70px\"><span class=\"vc_empty_space_inner\"><\/span><\/div>\r\n\t<div class=\"cta style-2 cta_1147034459  cta_324584303\"  style=\"background-color:#f3f3f3;\" >\r\n\t\t\r\n\t\t        <h2  style=\"font-weight:300;color:#151515;\" >\t\t\t\r\n\t\t\t\r\n\t\t\tL\u00e5t oss jobba tillsammans! \r\n\t\t\t\t\t\r\n\t\t\t\t\t\t\r\n\t\t\t\r\n\t\t<\/h2>\r\n\t\t\t\t\r\n\t\t\t\r\n\r\n\t\t\t\t<div class=\"button solid\">\r\n\t\t\t\t\t<a href=\"mailto:bea@almstromdesign.se\" target=\"_blank\" title=\"Mail\">Mail<\/a>\t\t\t\t<\/div>\r\n\r\n\t\t\t\t\t\r\n\t\t\r\n    <\/div><div class=\"vc_empty_space\"   style=\"height: 100px\"><span class=\"vc_empty_space_inner\"><\/span><\/div><\/div><\/div><\/div><\/div><\/div>\n<\/div>","protected":false},"excerpt":{"rendered":"10 \u00e5rs erfarenhet inom grafisk formgivning Med \u00f6ver 10 \u00e5rs erfarenhet inom grafisk formgivning s\u00e4kerst\u00e4ller jag kvalitet och efterstr\u00e4var ett slutresultat som vi b\u00e5da kan vara n\u00f6jda med. Jag arbetar med all typ av grafisk formgivning och har stor erfarenhet av rapportproduktion och finansiella rapporter. Med kunskap om lagen om tillg\u00e4nglighet till digital offentlig service [...]","protected":false},"author":1,"featured_media":0,"parent":0,"menu_order":0,"comment_status":"closed","ping_status":"closed","template":"","meta":{"footnotes":""},"class_list":["post-317","page","type-page","status-publish","hentry"],"_links":{"self":[{"href":"https:\/\/almstromdesign.se\/en\/wp-json\/wp\/v2\/pages\/317","targetHints":{"allow":["GET"]}}],"collection":[{"href":"https:\/\/almstromdesign.se\/en\/wp-json\/wp\/v2\/pages"}],"about":[{"href":"https:\/\/almstromdesign.se\/en\/wp-json\/wp\/v2\/types\/page"}],"author":[{"embeddable":true,"href":"https:\/\/almstromdesign.se\/en\/wp-json\/wp\/v2\/users\/1"}],"replies":[{"embeddable":true,"href":"https:\/\/almstromdesign.se\/en\/wp-json\/wp\/v2\/comments?post=317"}],"version-history":[{"count":23,"href":"https:\/\/almstromdesign.se\/en\/wp-json\/wp\/v2\/pages\/317\/revisions"}],"predecessor-version":[{"id":1424,"href":"https:\/\/almstromdesign.se\/en\/wp-json\/wp\/v2\/pages\/317\/revisions\/1424"}],"wp:attachment":[{"href":"https:\/\/almstromdesign.se\/en\/wp-json\/wp\/v2\/media?parent=317"}],"curies":[{"name":"wp","href":"https:\/\/api.w.org\/{rel}","templated":true}]}}